{"id":14,"date":"2017-05-06T19:02:51","date_gmt":"2017-05-06T17:02:51","guid":{"rendered":"http:\/\/etienneporhel.fr\/?page_id=14"},"modified":"2026-05-10T17:34:47","modified_gmt":"2026-05-10T15:34:47","slug":"contact","status":"publish","type":"page","link":"https:\/\/etienneporhel.fr\/","title":{"rendered":"Accueil"},"content":{"rendered":"<p><a href=\"http:\/\/etienneporhel.fr\/wp-content\/uploads\/2017\/05\/Photo-Etienne-3.jpg\"><img loading=\"lazy\" class=\"wp-image-85 aligncenter\" src=\"http:\/\/etienneporhel.fr\/wp-content\/uploads\/2017\/05\/Photo-Etienne-3.jpg\" alt=\"\" width=\"176\" height=\"265\" srcset=\"https:\/\/etienneporhel.fr\/wp-content\/uploads\/2017\/05\/Photo-Etienne-3.jpg 665w, https:\/\/etienneporhel.fr\/wp-content\/uploads\/2017\/05\/Photo-Etienne-3-200x300.jpg 200w\" sizes=\"(max-width: 176px) 100vw, 176px\" \/><\/a><\/p>\n<p style=\"text-align: center;\"><strong>Etienne Porhel<\/strong><\/p>\n<p style=\"text-align: center;\"><strong>Psychologue clinicien et psychoth\u00e9rapeute<\/strong><\/p>\n<ul>\n<li>Th\u00e9rapeute praticien en Th\u00e9rapie Cognitive et Comportementale et membre de l&rsquo;AFTCC (Association Fran\u00e7aise de Th\u00e9rapie Cognitive et Comportementale) et de l&rsquo;ABTCC ( Association Bretonne de th\u00e9rapie Cognitive et Comportementale)<\/li>\n<li>Praticien EMDR<\/li>\n<li>Instructeur MBSR (gestion du stress bas\u00e9 sur la pleine-conscience) et membre de l&rsquo;Association Fran\u00e7aise des Enseignants MBSR<\/li>\n<li>Instructeur MBCT (Th\u00e9rapie cognitive pour la d\u00e9pression bas\u00e9e sur la pleine-conscience)<\/li>\n<\/ul>\n<p style=\"text-align: center;\"><strong>\u00a0tel: <span style=\"color: #993300;\">06-58-25-71-83 \u00a0 \u00a0 \u00a0 \u00a0 \u00a0<\/span>\u00a0<\/strong> <strong>email: <span style=\"color: #993300;\"><a style=\"color: #993300;\" href=\"mailto:eporhel@yahoo.fr\">eporhel@yahoo.fr<\/a>\u00a0<\/span> <\/strong><\/p>\n<p><strong>\u00a0<\/strong><\/p>\n<p style=\"text-align: center;\"><strong>Consultations sur RV \u00a0 <\/strong><\/p>\n<p style=\"text-align: center;\"><strong><span style=\"color: #993300;\">18 avenue Jean Jaur\u00e8s 35400 Saint-Malo<\/span> <\/strong><\/p>\n<p style=\"text-align: center;\">2\u00e8me \u00e9tage, ascenseur et acc\u00e8s PMR.<\/p>\n<p style=\"text-align: center;\">D\u00e9placement \u00e0 domicile possible pour les personnes \u00e0 mobilit\u00e9 r\u00e9duite<\/p>\n<pre><span style=\"color: #473a1e;\"><span style=\"font-family: Cochin;\"><span style=\"font-size: x-large;\"><strong><span style=\"color: #000000;\"><span style=\"font-size: large;\">\nN\u00b0 ADELI\u00a0: 35 93 2044 7<\/span><\/span><\/strong><\/span><\/span><\/span>\n\n<strong><span style=\"color: #000000;\"><span style=\"font-family: Cochin;\"><span style=\"font-size: large;\">N\u00b0 SIRET\u00a0: 81998726400028<\/span><\/span><\/span><\/strong><\/pre>\n","protected":false},"excerpt":{"rendered":"<p>Etienne Porhel Psychologue clinicien et psychoth\u00e9rapeute Th\u00e9rapeute praticien en Th\u00e9rapie Cognitive et Comportementale et membre de l&rsquo;AFTCC (Association Fran\u00e7aise de Th\u00e9rapie Cognitive et Comportementale) et de l&rsquo;ABTCC ( Association Bretonne de th\u00e9rapie Cognitive et Comportementale) Praticien EMDR Instructeur MBSR (gestion du stress bas\u00e9 sur la pleine-conscience) et membre de l&rsquo;Association Fran\u00e7aise des Enseignants MBSR Instructeur &hellip; <\/p>\n<p class=\"link-more\"><a href=\"https:\/\/etienneporhel.fr\/\" class=\"more-link\">Continuer la lecture<span class=\"screen-reader-text\"> de &laquo;&nbsp;Accueil&nbsp;&raquo;<\/span><\/a><\/p>\n","protected":false},"author":1,"featured_media":0,"parent":0,"menu_order":0,"comment_status":"closed","ping_status":"closed","template":"","meta":[],"_links":{"self":[{"href":"https:\/\/etienneporhel.fr\/index.php?rest_route=\/wp\/v2\/pages\/14"}],"collection":[{"href":"https:\/\/etienneporhel.fr\/index.php?rest_route=\/wp\/v2\/pages"}],"about":[{"href":"https:\/\/etienneporhel.fr\/index.php?rest_route=\/wp\/v2\/types\/page"}],"author":[{"embeddable":true,"href":"https:\/\/etienneporhel.fr\/index.php?rest_route=\/wp\/v2\/users\/1"}],"replies":[{"embeddable":true,"href":"https:\/\/etienneporhel.fr\/index.php?rest_route=%2Fwp%2Fv2%2Fcomments&post=14"}],"version-history":[{"count":42,"href":"https:\/\/etienneporhel.fr\/index.php?rest_route=\/wp\/v2\/pages\/14\/revisions"}],"predecessor-version":[{"id":560,"href":"https:\/\/etienneporhel.fr\/index.php?rest_route=\/wp\/v2\/pages\/14\/revisions\/560"}],"wp:attachment":[{"href":"https:\/\/etienneporhel.fr\/index.php?rest_route=%2Fwp%2Fv2%2Fmedia&parent=14"}],"curies":[{"name":"wp","href":"https:\/\/api.w.org\/{rel}","templated":true}]}}