{"id":541,"date":"2024-01-20T18:23:47","date_gmt":"2024-01-20T17:23:47","guid":{"rendered":"http:\/\/etienneporhel.fr\/?page_id=541"},"modified":"2026-05-10T17:56:47","modified_gmt":"2026-05-10T15:56:47","slug":"tarifs","status":"publish","type":"page","link":"https:\/\/etienneporhel.fr\/?page_id=541","title":{"rendered":"Tarifs"},"content":{"rendered":"\n<p>                                          <strong>    Tarif des s\u00e9ances 2026  *<em>*&nbsp;<\/em><\/strong><\/p>\n\n\n\n<ul><li>Tarif classique\u00a0: 60 euros<\/li><li>Th\u00e9rapie de couple\u00a0: 75 euros<\/li><\/ul>\n\n\n\n<p>Les s\u00e9ances durent environ 45 minutes et leur r\u00e8glement peut se faire par ch\u00e8que ou en esp\u00e8ces.<\/p>\n\n\n\n<p>A l&rsquo;exception de certains dispositifs, les consultations chez un psychologue ne sont pas rembours\u00e9es par la s\u00e9curit\u00e9 sociale, mais une note d&rsquo;honoraires peut vous \u00eatre transmise pour solliciter un remboursement aupr\u00e8s de votre mutuelle<\/p>\n\n\n\n<p>*<em>* <strong>Toute s\u00e9ance annul\u00e9e sans pr\u00e9venir moins de 48 heures \u00e0 l&rsquo;avance sera due (sauf cas de force majeur)<\/strong><\/em><strong>.<\/strong><\/p>\n","protected":false},"excerpt":{"rendered":"<p>Tarif des s\u00e9ances 2026 **&nbsp; Tarif classique\u00a0: 60 euros Th\u00e9rapie de couple\u00a0: 75 euros Les s\u00e9ances durent environ 45 minutes et leur r\u00e8glement peut se faire par ch\u00e8que ou en esp\u00e8ces. A l&rsquo;exception de certains dispositifs, les consultations chez un psychologue ne sont pas rembours\u00e9es par la s\u00e9curit\u00e9 sociale, mais une note d&rsquo;honoraires peut vous &hellip; <\/p>\n<p class=\"link-more\"><a href=\"https:\/\/etienneporhel.fr\/?page_id=541\" class=\"more-link\">Continuer la lecture<span class=\"screen-reader-text\"> de &laquo;&nbsp;Tarifs&nbsp;&raquo;<\/span><\/a><\/p>\n","protected":false},"author":1,"featured_media":0,"parent":0,"menu_order":0,"comment_status":"closed","ping_status":"closed","template":"","meta":[],"_links":{"self":[{"href":"https:\/\/etienneporhel.fr\/index.php?rest_route=\/wp\/v2\/pages\/541"}],"collection":[{"href":"https:\/\/etienneporhel.fr\/index.php?rest_route=\/wp\/v2\/pages"}],"about":[{"href":"https:\/\/etienneporhel.fr\/index.php?rest_route=\/wp\/v2\/types\/page"}],"author":[{"embeddable":true,"href":"https:\/\/etienneporhel.fr\/index.php?rest_route=\/wp\/v2\/users\/1"}],"replies":[{"embeddable":true,"href":"https:\/\/etienneporhel.fr\/index.php?rest_route=%2Fwp%2Fv2%2Fcomments&post=541"}],"version-history":[{"count":5,"href":"https:\/\/etienneporhel.fr\/index.php?rest_route=\/wp\/v2\/pages\/541\/revisions"}],"predecessor-version":[{"id":569,"href":"https:\/\/etienneporhel.fr\/index.php?rest_route=\/wp\/v2\/pages\/541\/revisions\/569"}],"wp:attachment":[{"href":"https:\/\/etienneporhel.fr\/index.php?rest_route=%2Fwp%2Fv2%2Fmedia&parent=541"}],"curies":[{"name":"wp","href":"https:\/\/api.w.org\/{rel}","templated":true}]}}