{"id":91,"date":"2017-05-08T19:36:48","date_gmt":"2017-05-08T17:36:48","guid":{"rendered":"http:\/\/etienneporhel.fr\/?page_id=91"},"modified":"2026-05-10T17:47:42","modified_gmt":"2026-05-10T15:47:42","slug":"differents-psy","status":"publish","type":"page","link":"https:\/\/etienneporhel.fr\/?page_id=91","title":{"rendered":"Choisir son \u00ab\u00a0psy\u00a0\u00bb?"},"content":{"rendered":"<p align=\"JUSTIFY\"><span style=\"color: #000000;\"><span style=\"font-family: Cochin;\"><span style=\"font-size: large;\">Aller&nbsp;consulter un&nbsp;psychologue ou un&nbsp;psychoth\u00e9rapeute est parfois une d\u00e9marche difficile \u00e0 entreprendre. Partager ses difficult\u00e9s,&nbsp;&nbsp;explorer son fonctionnement psychique et ses limites, des souvenirs ou des \u00e9motions p\u00e9nibles, essayer de changer ses perspectives&#8230; Tout cela repr\u00e9sente un \u00ab\u00a0travail sur soi\u00a0\u00bb n\u00e9cessitant<\/span><\/span><\/span><span style=\"color: #000000;\"><span style=\"font-family: Cochin;\"><span style=\"font-size: large;\">&nbsp;<\/span><\/span><\/span><span style=\"color: #000000;\"><span style=\"font-family: Cochin;\"><span style=\"font-size: large;\">d&rsquo;\u00e9tablir une relation de confiance avec un professionnel.<\/span><\/span><\/span><\/p>\n<p align=\"JUSTIFY\"><span style=\"color: #333333;\"><span style=\"font-family: Cochin;\"><span style=\"font-size: large;\">Pour trouver un \u00ab&nbsp;psy&nbsp;\u00bb qui vous convienne, faites vous recommander des professionnels par vos proches. Vous pouvez contacter et aller voir plusieurs th\u00e9rapeutes afin de leur poser des questions sur leur pratique. Si vous avez une pr\u00e9f\u00e9rence pour une m\u00e9thode particuli\u00e8re, choisissez un th\u00e9rapeute form\u00e9. Vous pouvez d\u00e9buter le travail th\u00e9rapeutique lorsque vous vous sentez suffisamment en confiance avec un professionnel.<\/span><\/span><\/span><\/p>\n<p align=\"JUSTIFY\"><strong><span style=\"color: #333333;\"><span style=\"font-family: Cochin;\"><span style=\"font-size: large;\">Pour vous aider \u00e0 vous y&nbsp;retrouver avec les&nbsp;diff\u00e9rentes sortes de&nbsp;\u00abpsys\u00bb<\/span><\/span><\/span><\/strong><span style=\"color: #333333;\"><span style=\"font-family: Cochin;\"><span style=\"font-size: large;\">:<\/span><\/span><\/span><\/p>\n<ul>\n<li>\n<p align=\"JUSTIFY\"><strong><span style=\"color: #333333;\"><span style=\"font-family: Cochin;\"><span style=\"font-size: large;\"><b>Le psychologue :<\/b><\/span><\/span><\/span><\/strong><span style=\"color: #333333;\"><span style=\"font-family: Cochin;\"><span style=\"font-size: large;\">&nbsp;L\u2019usage du titre de psychologue s\u2019obtient \u00e0 l\u2019issue d\u2019un Master 2 de Psychologie. Le psychologue se r\u00e9f\u00e8re \u00e0 diff\u00e9rents types de th\u00e9ories ou orientations psychologiques ( humaniste, cognitiviste, comportementaliste, psychanalytique, &nbsp;etc\u2026). Il est autoris\u00e9 sous certaines conditions \u00e0 faire usage du titre de psychoth\u00e9rapeute. Pour travailler en lib\u00e9ral, il doit disposer d\u2019un num\u00e9ro&nbsp;<\/span><\/span><\/span><a href=\"http:\/\/psychologues.org\/la-profession\/le-titre-de-psychologue\/inscription-adeli\"><span style=\"color: #6cb7d3;\"><span style=\"font-family: Cochin;\"><span style=\"font-size: large;\">ADELI<\/span><\/span><\/span><\/a><span style=\"color: #333333;\"><span style=\"font-family: Cochin;\"><span style=\"font-size: large;\">, qui prot\u00e8ge les patients d\u2019un exercice ill\u00e9gal de la profession.<\/span><\/span><\/span><\/p>\n<\/li>\n<\/ul>\n<p align=\"JUSTIFY\"><span style=\"color: #000000;\">&nbsp;<\/span><\/p>\n<ul>\n<li>\n<p align=\"JUSTIFY\"><strong><span style=\"color: #000000;\"><span style=\"font-family: Cochin;\"><span style=\"font-size: large;\"><b>Le psychiatre :<\/b><\/span><\/span><\/span><\/strong><span style=\"color: #000000;\"><span style=\"font-family: Cochin;\"><span style=\"font-size: large;\">&nbsp;Le psychiatre est docteur en m\u00e9decine et son expertise porte sur la pathologie mentale ou psychique. Il est habilit\u00e9 \u00e0 faire usage du titre de psychoth\u00e9rapeute et \u00e0 prescrire des m\u00e9dicaments comme les psychotropes.<\/span><\/span><\/span><\/p>\n<\/li>\n<\/ul>\n<p align=\"JUSTIFY\"><span style=\"color: #000000;\">&nbsp;<\/span><\/p>\n<ul>\n<li>\n<p align=\"JUSTIFY\"><strong><span style=\"color: #000000;\"><span style=\"font-family: Cochin;\"><span style=\"font-size: large;\"><b>Le psychanalyste :<\/b><\/span><\/span><\/span><\/strong><span style=\"color: #000000;\"><span style=\"font-family: Cochin;\"><span style=\"font-size: large;\">&nbsp;Un psychanalyste est une personne ayant suivi une psychanalyse. Il propose au patient une m\u00e9thode de th\u00e9rapie dite analytique. Le psychanalyste peut \u00eatre psychologue, m\u00e9decin et\/ou membre d\u2019une soci\u00e9t\u00e9 psychanalytique reconnue.<\/span><\/span><\/span><\/p>\n<\/li>\n<\/ul>\n<p align=\"JUSTIFY\"><span style=\"color: #000000;\">&nbsp;<\/span><\/p>\n<ul>\n<li>\n<p align=\"JUSTIFY\"><strong><span style=\"color: #000000;\"><span style=\"font-family: Cochin;\"><span style=\"font-size: large;\"><b>Le psychoth\u00e9rapeute :<\/b><\/span><\/span><\/span><\/strong><span style=\"color: #000000;\"><span style=\"font-family: Cochin;\"><span style=\"font-size: large;\">&nbsp;L\u2019usage du titre de psychoth\u00e9rapeute est r\u00e9glement\u00e9 depuis 2010 et exige une formation en psychopathologie et une exp\u00e9rience pratique dans le domaine de la psychologie, de la psychopathologie, ou d\u2019une approche psychoth\u00e9rapeutique. Il est \u00e9galement n\u00e9cessaire d\u2019avoir suivi une psychoth\u00e9rapie et d\u2019\u00eatre r\u00e9guli\u00e8rement supervis\u00e9.<\/span><\/span><\/span><\/p>\n<\/li>\n<\/ul>\n<p align=\"JUSTIFY\"><span style=\"color: #000000;\">&nbsp;<\/span><\/p>\n<p align=\"JUSTIFY\"><span style=\"color: #000000;\">&nbsp;<\/span><\/p>\n","protected":false},"excerpt":{"rendered":"<p>Aller&nbsp;consulter un&nbsp;psychologue ou un&nbsp;psychoth\u00e9rapeute est parfois une d\u00e9marche difficile \u00e0 entreprendre. Partager ses difficult\u00e9s,&nbsp;&nbsp;explorer son fonctionnement psychique et ses limites, des souvenirs ou des \u00e9motions p\u00e9nibles, essayer de changer ses perspectives&#8230; Tout cela repr\u00e9sente un \u00ab\u00a0travail sur soi\u00a0\u00bb n\u00e9cessitant&nbsp;d&rsquo;\u00e9tablir une relation de confiance avec un professionnel. Pour trouver un \u00ab&nbsp;psy&nbsp;\u00bb qui vous convienne, faites vous &hellip; <\/p>\n<p class=\"link-more\"><a href=\"https:\/\/etienneporhel.fr\/?page_id=91\" class=\"more-link\">Continuer la lecture<span class=\"screen-reader-text\"> de &laquo;&nbsp;Choisir son \u00ab\u00a0psy\u00a0\u00bb?&nbsp;&raquo;<\/span><\/a><\/p>\n","protected":false},"author":1,"featured_media":0,"parent":0,"menu_order":0,"comment_status":"closed","ping_status":"closed","template":"","meta":[],"_links":{"self":[{"href":"https:\/\/etienneporhel.fr\/index.php?rest_route=\/wp\/v2\/pages\/91"}],"collection":[{"href":"https:\/\/etienneporhel.fr\/index.php?rest_route=\/wp\/v2\/pages"}],"about":[{"href":"https:\/\/etienneporhel.fr\/index.php?rest_route=\/wp\/v2\/types\/page"}],"author":[{"embeddable":true,"href":"https:\/\/etienneporhel.fr\/index.php?rest_route=\/wp\/v2\/users\/1"}],"replies":[{"embeddable":true,"href":"https:\/\/etienneporhel.fr\/index.php?rest_route=%2Fwp%2Fv2%2Fcomments&post=91"}],"version-history":[{"count":28,"href":"https:\/\/etienneporhel.fr\/index.php?rest_route=\/wp\/v2\/pages\/91\/revisions"}],"predecessor-version":[{"id":567,"href":"https:\/\/etienneporhel.fr\/index.php?rest_route=\/wp\/v2\/pages\/91\/revisions\/567"}],"wp:attachment":[{"href":"https:\/\/etienneporhel.fr\/index.php?rest_route=%2Fwp%2Fv2%2Fmedia&parent=91"}],"curies":[{"name":"wp","href":"https:\/\/api.w.org\/{rel}","templated":true}]}}