{"id":94,"date":"2017-05-08T19:38:59","date_gmt":"2017-05-08T17:38:59","guid":{"rendered":"http:\/\/etienneporhel.fr\/?page_id=94"},"modified":"2021-12-07T14:21:58","modified_gmt":"2021-12-07T13:21:58","slug":"contact-2","status":"publish","type":"page","link":"https:\/\/etienneporhel.fr\/?page_id=94","title":{"rendered":"Contact"},"content":{"rendered":"<p style=\"text-align: left;\">tel<strong>: <span style=\"color: #993300;\">06.58.25.71.83 \u00a0\u00a0\u00a0\u00a0\u00a0\u00a0\u00a0\u00a0\u00a0\u00a0\u00a0\u00a0\u00a0\u00a0\u00a0\u00a0\u00a0\u00a0\u00a0 <\/span><\/strong>email:<strong> <span style=\"color: #993300;\">eporhel@yahoo.fr<\/span><\/strong><\/p>\n<p style=\"text-align: left;\">Consultations sur Saint-Malo en cabinet lib\u00e9ral et \u00e0 domicile sur les zones de :\u00a0Saint-Malo, Dinard, La Richardais,\u00a0Pleurtuit, Saint-Briac, Saint-Lunaire, Lancieux, Ploubalay&#8230;<strong><br \/>\n<\/strong><\/p>\n<p style=\"text-align: left;\">\u00a0Adresse du cabinet:<strong><span style=\"color: #993300;\"> 18 avenue Jean Jaur\u00e8s 35400 Saint-Malo 2\u00e8me \u00e9tage (<\/span><\/strong><span style=\"color: #993300;\"><span style=\"caret-color: #993300; font-weight: 600;\">ascenseur)<\/span><\/span><\/p>\n<p><a href=\"http:\/\/etienneporhel.fr\/wp-content\/uploads\/2019\/05\/images.jpg\"><img loading=\"lazy\" class=\"alignleft wp-image-487\" src=\"http:\/\/etienneporhel.fr\/wp-content\/uploads\/2019\/05\/images.jpg\" alt=\"\" width=\"371\" height=\"184\" srcset=\"https:\/\/etienneporhel.fr\/wp-content\/uploads\/2019\/05\/images.jpg 319w, https:\/\/etienneporhel.fr\/wp-content\/uploads\/2019\/05\/images-300x149.jpg 300w\" sizes=\"(max-width: 371px) 100vw, 371px\" \/><\/a><\/p>\n","protected":false},"excerpt":{"rendered":"<p>tel: 06.58.25.71.83 \u00a0\u00a0\u00a0\u00a0\u00a0\u00a0\u00a0\u00a0\u00a0\u00a0\u00a0\u00a0\u00a0\u00a0\u00a0\u00a0\u00a0\u00a0\u00a0 email: eporhel@yahoo.fr Consultations sur Saint-Malo en cabinet lib\u00e9ral et \u00e0 domicile sur les zones de :\u00a0Saint-Malo, Dinard, La Richardais,\u00a0Pleurtuit, Saint-Briac, Saint-Lunaire, Lancieux, Ploubalay&#8230; \u00a0Adresse du cabinet: 18 avenue Jean Jaur\u00e8s 35400 Saint-Malo 2\u00e8me \u00e9tage (ascenseur)<\/p>\n","protected":false},"author":1,"featured_media":0,"parent":0,"menu_order":0,"comment_status":"closed","ping_status":"closed","template":"","meta":[],"_links":{"self":[{"href":"https:\/\/etienneporhel.fr\/index.php?rest_route=\/wp\/v2\/pages\/94"}],"collection":[{"href":"https:\/\/etienneporhel.fr\/index.php?rest_route=\/wp\/v2\/pages"}],"about":[{"href":"https:\/\/etienneporhel.fr\/index.php?rest_route=\/wp\/v2\/types\/page"}],"author":[{"embeddable":true,"href":"https:\/\/etienneporhel.fr\/index.php?rest_route=\/wp\/v2\/users\/1"}],"replies":[{"embeddable":true,"href":"https:\/\/etienneporhel.fr\/index.php?rest_route=%2Fwp%2Fv2%2Fcomments&post=94"}],"version-history":[{"count":36,"href":"https:\/\/etienneporhel.fr\/index.php?rest_route=\/wp\/v2\/pages\/94\/revisions"}],"predecessor-version":[{"id":509,"href":"https:\/\/etienneporhel.fr\/index.php?rest_route=\/wp\/v2\/pages\/94\/revisions\/509"}],"wp:attachment":[{"href":"https:\/\/etienneporhel.fr\/index.php?rest_route=%2Fwp%2Fv2%2Fmedia&parent=94"}],"curies":[{"name":"wp","href":"https:\/\/api.w.org\/{rel}","templated":true}]}}